{"id":766,"date":"2026-03-27T17:51:40","date_gmt":"2026-03-27T17:51:40","guid":{"rendered":"https:\/\/ssalud.chia-cundinamarca.gov.co\/?page_id=766"},"modified":"2026-03-27T17:59:29","modified_gmt":"2026-03-27T17:59:29","slug":"salud-sexual","status":"publish","type":"page","link":"https:\/\/ssalud.chia-cundinamarca.gov.co\/index.php\/salud-sexual\/","title":{"rendered":"SALUD SEXUAL"},"content":{"rendered":"\t\t<div data-elementor-type=\"wp-page\" data-elementor-id=\"766\" class=\"elementor elementor-766\" data-elementor-post-type=\"page\">\n\t\t\t\t<div class=\"elementor-element elementor-element-e7c86aa e-flex e-con-boxed e-con e-parent\" data-id=\"e7c86aa\" data-element_type=\"container\" data-e-type=\"container\">\n\t\t\t\t\t<div class=\"e-con-inner\">\n\t\t<div class=\"elementor-element elementor-element-1eae4f4 e-con-full e-flex e-con e-child\" data-id=\"1eae4f4\" data-element_type=\"container\" data-e-type=\"container\">\n\t\t\t\t<div class=\"elementor-element elementor-element-3b46abb elementor-headline--style-highlight elementor-widget elementor-widget-animated-headline\" data-id=\"3b46abb\" data-element_type=\"widget\" data-e-type=\"widget\" data-settings=\"{&quot;marker&quot;:&quot;underline&quot;,&quot;highlighted_text&quot;:&quot;SEXUALES Y REPRODUCTIVOS&quot;,&quot;headline_style&quot;:&quot;highlight&quot;,&quot;loop&quot;:&quot;yes&quot;,&quot;highlight_animation_duration&quot;:1200,&quot;highlight_iteration_delay&quot;:8000}\" data-widget_type=\"animated-headline.default\">\n\t\t\t\t\t\t\t<h3 class=\"elementor-headline\">\n\t\t\t\t\t<span class=\"elementor-headline-plain-text elementor-headline-text-wrapper\">SALUD SEXUAL Y DERECHOS<\/span>\n\t\t\t\t<span class=\"elementor-headline-dynamic-wrapper elementor-headline-text-wrapper\">\n\t\t\t\t\t<span class=\"elementor-headline-dynamic-text elementor-headline-text-active\">SEXUALES Y REPRODUCTIVOS<\/span>\n\t\t\t\t<\/span>\n\t\t\t\t<\/h3>\n\t\t\t\t\t\t<\/div>\n\t\t\t\t<\/div>\n\t\t\t\t\t<\/div>\n\t\t\t\t<\/div>\n\t\t<div class=\"elementor-element elementor-element-f95a36e e-flex e-con-boxed e-con e-parent\" data-id=\"f95a36e\" data-element_type=\"container\" data-e-type=\"container\">\n\t\t\t\t\t<div class=\"e-con-inner\">\n\t\t<div class=\"elementor-element elementor-element-4f2a78f e-con-full e-flex e-con e-child\" data-id=\"4f2a78f\" data-element_type=\"container\" data-e-type=\"container\">\n\t\t\t\t<div class=\"elementor-element elementor-element-f1bb343 elementor-widget elementor-widget-text-editor\" data-id=\"f1bb343\" data-element_type=\"widget\" data-e-type=\"widget\" data-widget_type=\"text-editor.default\">\n\t\t\t\t\t\t\t\t\t<p>El componente de Salud Sexual y Derechos Sexuales y Reproductivos tiene como prop\u00f3sito garantizar el bienestar integral de las personas, mediante el cumplimiento de la normatividad vigente en Colombia, especialmente la Resoluci\u00f3n 3280 de 2018, que orienta las acciones en salud a trav\u00e9s de las Rutas Integrales de Atenci\u00f3n en Salud (RIAS).<br \/>A partir de estos lineamientos, se desarrollan estrategias y actividades dirigidas a todas las etapas de la vida, promoviendo el autocuidado, la prevenci\u00f3n de riesgos y el acceso oportuno a los servicios de salud.<br \/>Como eje fundamental, se fortalece la educaci\u00f3n en derechos sexuales y reproductivos, reconociendo que el acceso a informaci\u00f3n clara, oportuna y basada en evidencia permite a las personas tomar decisiones libres, responsables e informadas sobre su cuerpo y su vida.<\/p>\t\t\t\t\t\t\t\t<\/div>\n\t\t\t\t<\/div>\n\t\t<div class=\"elementor-element elementor-element-12d1cf8 e-con-full e-flex e-con e-child\" data-id=\"12d1cf8\" data-element_type=\"container\" data-e-type=\"container\">\n\t\t<div class=\"elementor-element elementor-element-4804e33 e-con-full e-flex e-con e-child\" data-id=\"4804e33\" data-element_type=\"container\" data-e-type=\"container\">\n\t\t\t\t<div class=\"elementor-element elementor-element-e098991 elementor-widget elementor-widget-image\" data-id=\"e098991\" data-element_type=\"widget\" data-e-type=\"widget\" data-widget_type=\"image.default\">\n\t\t\t\t\t\t\t\t\t\t\t\t\t\t\t<img decoding=\"async\" src=\"https:\/\/ssalud.chia-cundinamarca.gov.co\/wp-content\/plugins\/elementor\/assets\/images\/placeholder.png\" title=\"\" alt=\"\" loading=\"lazy\" \/>\t\t\t\t\t\t\t\t\t\t\t\t\t\t\t<\/div>\n\t\t\t\t<\/div>\n\t\t\t\t<\/div>\n\t\t\t\t\t<\/div>\n\t\t\t\t<\/div>\n\t\t<div class=\"elementor-element elementor-element-54d988f e-flex e-con-boxed e-con e-parent\" data-id=\"54d988f\" data-element_type=\"container\" data-e-type=\"container\">\n\t\t\t\t\t<div class=\"e-con-inner\">\n\t\t<div class=\"elementor-element elementor-element-e4758f3 e-con-full e-flex e-con e-child\" data-id=\"e4758f3\" data-element_type=\"container\" data-e-type=\"container\">\n\t\t\t\t<div class=\"elementor-element elementor-element-6466021 elementor-widget elementor-widget-text-editor\" data-id=\"6466021\" data-element_type=\"widget\" data-e-type=\"widget\" data-widget_type=\"text-editor.default\">\n\t\t\t\t\t\t\t\t\t<p>A trav\u00e9s de espacios educativos, talleres y actividades comunitarias, se promueve:<br>\u2022 El reconocimiento de los derechos sexuales y reproductivos como derechos humanos <br>\u2022 La prevenci\u00f3n de infecciones de transmisi\u00f3n sexual (ITS), incluido el VIH <br>\u2022 La prevenci\u00f3n del embarazo no planificado <br>\u2022 El respeto por la diversidad, la autonom\u00eda y la toma de decisiones informadas <br>\u2022 La identificaci\u00f3n de situaciones de riesgo y rutas de atenci\u00f3n <br><br><\/p>\t\t\t\t\t\t\t\t<\/div>\n\t\t\t\t<\/div>\n\t\t<div class=\"elementor-element elementor-element-9919b1e e-con-full e-flex e-con e-child\" data-id=\"9919b1e\" data-element_type=\"container\" data-e-type=\"container\">\n\t\t\t\t<div class=\"elementor-element elementor-element-6647b46 elementor-widget elementor-widget-text-editor\" data-id=\"6647b46\" data-element_type=\"widget\" data-e-type=\"widget\" data-widget_type=\"text-editor.default\">\n\t\t\t\t\t\t\t\t\t<p>Estas acciones contribuyen a empoderar a la comunidad y a generar entornos m\u00e1s saludables, seguros e informados. Uno de los enfoques principales es la Ruta Materno Perinatal, que busca cuidar la vida de la madre y del reci\u00e9n nacido, reduciendo riesgos durante el embarazo y despu\u00e9s del parto, a treves de:<br \/>\u2022 Identificar de manera temprana a las mujeres gestantes<br \/>\u2022 Garantizar el cumplimiento de los controles prenatales<br \/>\u2022 Detectar oportunamente riesgos durante el embarazo<br \/>\u2022 Asegurar la realizaci\u00f3n de ex\u00e1menes y seguimientos necesarios<br \/>\u2022 Mejorar la calidad de la atenci\u00f3n y los registros en salud<br \/>Por lo cual tambi\u00e9n se realiza acompa\u00f1amiento a las IPS del municipio con el fin de garantizar el cumplimiento a la resoluci\u00f3n 3280 de 2018.<\/p>\t\t\t\t\t\t\t\t<\/div>\n\t\t\t\t<\/div>\n\t\t\t\t\t<\/div>\n\t\t\t\t<\/div>\n\t\t\t\t<\/div>\n\t\t","protected":false},"excerpt":{"rendered":"<p>SALUD SEXUAL Y DERECHOS SEXUALES Y REPRODUCTIVOS El componente de Salud Sexual y Derechos Sexuales y Reproductivos tiene como prop\u00f3sito garantizar el bienestar integral de las personas, mediante el cumplimiento de la normatividad vigente en Colombia, especialmente la Resoluci\u00f3n 3280 de 2018, que orienta las acciones en salud a trav\u00e9s de las Rutas Integrales de [&hellip;]<\/p>\n","protected":false},"author":1,"featured_media":0,"parent":0,"menu_order":0,"comment_status":"closed","ping_status":"closed","template":"","meta":{"footnotes":""},"class_list":["post-766","page","type-page","status-publish","hentry"],"_links":{"self":[{"href":"https:\/\/ssalud.chia-cundinamarca.gov.co\/index.php\/wp-json\/wp\/v2\/pages\/766","targetHints":{"allow":["GET"]}}],"collection":[{"href":"https:\/\/ssalud.chia-cundinamarca.gov.co\/index.php\/wp-json\/wp\/v2\/pages"}],"about":[{"href":"https:\/\/ssalud.chia-cundinamarca.gov.co\/index.php\/wp-json\/wp\/v2\/types\/page"}],"author":[{"embeddable":true,"href":"https:\/\/ssalud.chia-cundinamarca.gov.co\/index.php\/wp-json\/wp\/v2\/users\/1"}],"replies":[{"embeddable":true,"href":"https:\/\/ssalud.chia-cundinamarca.gov.co\/index.php\/wp-json\/wp\/v2\/comments?post=766"}],"version-history":[{"count":4,"href":"https:\/\/ssalud.chia-cundinamarca.gov.co\/index.php\/wp-json\/wp\/v2\/pages\/766\/revisions"}],"predecessor-version":[{"id":770,"href":"https:\/\/ssalud.chia-cundinamarca.gov.co\/index.php\/wp-json\/wp\/v2\/pages\/766\/revisions\/770"}],"wp:attachment":[{"href":"https:\/\/ssalud.chia-cundinamarca.gov.co\/index.php\/wp-json\/wp\/v2\/media?parent=766"}],"curies":[{"name":"wp","href":"https:\/\/api.w.org\/{rel}","templated":true}]}}