{"id":761,"date":"2026-03-27T14:36:43","date_gmt":"2026-03-27T14:36:43","guid":{"rendered":"https:\/\/ssalud.chia-cundinamarca.gov.co\/?page_id=761"},"modified":"2026-03-27T17:27:14","modified_gmt":"2026-03-27T17:27:14","slug":"comite-seguridad-para-la-erradicacion-del-trabajo-infantil","status":"publish","type":"page","link":"https:\/\/ssalud.chia-cundinamarca.gov.co\/index.php\/comite-seguridad-para-la-erradicacion-del-trabajo-infantil\/","title":{"rendered":"COMITE SEGURIDAD PARA LA ERRADICACI\u00d3N DEL TRABAJO INFANTIL"},"content":{"rendered":"\t\t<div data-elementor-type=\"wp-page\" data-elementor-id=\"761\" class=\"elementor elementor-761\" data-elementor-post-type=\"page\">\n\t\t\t\t<div class=\"elementor-element elementor-element-b50122b e-flex e-con-boxed e-con e-parent\" data-id=\"b50122b\" data-element_type=\"container\" data-e-type=\"container\">\n\t\t\t\t\t<div class=\"e-con-inner\">\n\t\t<div class=\"elementor-element elementor-element-6ee7d36 e-con-full e-flex e-con e-child\" data-id=\"6ee7d36\" data-element_type=\"container\" data-e-type=\"container\">\n\t\t\t\t<div class=\"elementor-element elementor-element-1f2567b elementor-widget elementor-widget-text-editor\" data-id=\"1f2567b\" data-element_type=\"widget\" data-e-type=\"widget\" data-widget_type=\"text-editor.default\">\n\t\t\t\t\t\t\t\t\t<p>El Comit\u00e9 Interinstitucional para la Erradicaci\u00f3n del Trabajo Infantil (CIETI) busca prevenir y mitigar la explotaci\u00f3n infantil, as\u00ed como evitar trabajos que pongan en riesgo la salud y el desarrollo integral de ni\u00f1os, ni\u00f1as y adolescentes, garantizando la protecci\u00f3n de sus derechos, por medio de b\u00fasquedas activas y capacitaciones dirigidas a la comunidad en general.<\/p>\t\t\t\t\t\t\t\t<\/div>\n\t\t\t\t<\/div>\n\t\t<div class=\"elementor-element elementor-element-57b9ccc e-con-full e-flex e-con e-child\" data-id=\"57b9ccc\" data-element_type=\"container\" data-e-type=\"container\">\n\t\t\t\t<div class=\"elementor-element elementor-element-40fee53 elementor-headline--style-highlight elementor-widget elementor-widget-animated-headline\" data-id=\"40fee53\" data-element_type=\"widget\" data-e-type=\"widget\" data-settings=\"{&quot;highlighted_text&quot;:&quot;TRABAJO INFANTIL (CIETI)&quot;,&quot;headline_style&quot;:&quot;highlight&quot;,&quot;marker&quot;:&quot;circle&quot;,&quot;loop&quot;:&quot;yes&quot;,&quot;highlight_animation_duration&quot;:1200,&quot;highlight_iteration_delay&quot;:8000}\" data-widget_type=\"animated-headline.default\">\n\t\t\t\t\t\t\t<h3 class=\"elementor-headline\">\n\t\t\t\t\t<span class=\"elementor-headline-plain-text elementor-headline-text-wrapper\">COMITE SEGURIDAD PARA LA ERRADICACI\u00d3N DEL <\/span>\n\t\t\t\t<span class=\"elementor-headline-dynamic-wrapper elementor-headline-text-wrapper\">\n\t\t\t\t\t<span class=\"elementor-headline-dynamic-text elementor-headline-text-active\">TRABAJO INFANTIL (CIETI)<\/span>\n\t\t\t\t<\/span>\n\t\t\t\t<\/h3>\n\t\t\t\t\t\t<\/div>\n\t\t\t\t<\/div>\n\t\t<div class=\"elementor-element elementor-element-31dee5a e-con-full e-flex e-con e-child\" data-id=\"31dee5a\" data-element_type=\"container\" data-e-type=\"container\">\n\t\t\t\t<div class=\"elementor-element elementor-element-1df4883 elementor-widget elementor-widget-image\" data-id=\"1df4883\" data-element_type=\"widget\" data-e-type=\"widget\" data-widget_type=\"image.default\">\n\t\t\t\t\t\t\t\t\t\t\t\t\t\t\t<img decoding=\"async\" src=\"https:\/\/ssalud.chia-cundinamarca.gov.co\/wp-content\/plugins\/elementor\/assets\/images\/placeholder.png\" title=\"\" alt=\"\" loading=\"lazy\" \/>\t\t\t\t\t\t\t\t\t\t\t\t\t\t\t<\/div>\n\t\t\t\t<\/div>\n\t\t<div class=\"elementor-element elementor-element-7dc0a9c e-con-full e-flex e-con e-child\" data-id=\"7dc0a9c\" data-element_type=\"container\" data-e-type=\"container\">\n\t\t\t\t<div class=\"elementor-element elementor-element-24c5c55 elementor-widget elementor-widget-text-editor\" data-id=\"24c5c55\" data-element_type=\"widget\" data-e-type=\"widget\" data-widget_type=\"text-editor.default\">\n\t\t\t\t\t\t\t\t\t<p>El \u00e1rea de Seguridad y Salud en el Trabajo de la secretaria de Salud\u00a0 tiene como prop\u00f3sito promover la cultura del autocuidado y la prevenci\u00f3n de la enfermedad en la poblaci\u00f3n, mediante la implementaci\u00f3n de capacitaciones y la realizaci\u00f3n de visitas a establecimientos p\u00fablicos, orientadas al fortalecimiento de pr\u00e1cticas seguras y adecuadas.<\/p>\t\t\t\t\t\t\t\t<\/div>\n\t\t\t\t<\/div>\n\t\t\t\t\t<\/div>\n\t\t\t\t<\/div>\n\t\t\t\t<\/div>\n\t\t","protected":false},"excerpt":{"rendered":"<p>El Comit\u00e9 Interinstitucional para la Erradicaci\u00f3n del Trabajo Infantil (CIETI) busca prevenir y mitigar la explotaci\u00f3n infantil, as\u00ed como evitar trabajos que pongan en riesgo la salud y el desarrollo integral de ni\u00f1os, ni\u00f1as y adolescentes, garantizando la protecci\u00f3n de sus derechos, por medio de b\u00fasquedas activas y capacitaciones dirigidas a la comunidad en general. [&hellip;]<\/p>\n","protected":false},"author":1,"featured_media":0,"parent":0,"menu_order":0,"comment_status":"closed","ping_status":"closed","template":"","meta":{"footnotes":""},"class_list":["post-761","page","type-page","status-publish","hentry"],"_links":{"self":[{"href":"https:\/\/ssalud.chia-cundinamarca.gov.co\/index.php\/wp-json\/wp\/v2\/pages\/761","targetHints":{"allow":["GET"]}}],"collection":[{"href":"https:\/\/ssalud.chia-cundinamarca.gov.co\/index.php\/wp-json\/wp\/v2\/pages"}],"about":[{"href":"https:\/\/ssalud.chia-cundinamarca.gov.co\/index.php\/wp-json\/wp\/v2\/types\/page"}],"author":[{"embeddable":true,"href":"https:\/\/ssalud.chia-cundinamarca.gov.co\/index.php\/wp-json\/wp\/v2\/users\/1"}],"replies":[{"embeddable":true,"href":"https:\/\/ssalud.chia-cundinamarca.gov.co\/index.php\/wp-json\/wp\/v2\/comments?post=761"}],"version-history":[{"count":4,"href":"https:\/\/ssalud.chia-cundinamarca.gov.co\/index.php\/wp-json\/wp\/v2\/pages\/761\/revisions"}],"predecessor-version":[{"id":765,"href":"https:\/\/ssalud.chia-cundinamarca.gov.co\/index.php\/wp-json\/wp\/v2\/pages\/761\/revisions\/765"}],"wp:attachment":[{"href":"https:\/\/ssalud.chia-cundinamarca.gov.co\/index.php\/wp-json\/wp\/v2\/media?parent=761"}],"curies":[{"name":"wp","href":"https:\/\/api.w.org\/{rel}","templated":true}]}}