{"id":755,"date":"2026-03-27T13:36:44","date_gmt":"2026-03-27T13:36:44","guid":{"rendered":"https:\/\/ssalud.chia-cundinamarca.gov.co\/?page_id=755"},"modified":"2026-03-27T13:40:57","modified_gmt":"2026-03-27T13:40:57","slug":"vigilancia-epidemiologica","status":"publish","type":"page","link":"https:\/\/ssalud.chia-cundinamarca.gov.co\/index.php\/vigilancia-epidemiologica\/","title":{"rendered":"VIGILANCIA EPIDEMIOLOGICA"},"content":{"rendered":"\t\t<div data-elementor-type=\"wp-page\" data-elementor-id=\"755\" class=\"elementor elementor-755\" data-elementor-post-type=\"page\">\n\t\t\t\t<div class=\"elementor-element elementor-element-b2ddc42 e-flex e-con-boxed e-con e-parent\" data-id=\"b2ddc42\" data-element_type=\"container\" data-e-type=\"container\">\n\t\t\t\t\t<div class=\"e-con-inner\">\n\t\t<div class=\"elementor-element elementor-element-70cb5b6 e-con-full e-flex e-con e-child\" data-id=\"70cb5b6\" data-element_type=\"container\" data-e-type=\"container\">\n\t\t\t\t<div class=\"elementor-element elementor-element-22285fc elementor-widget__width-inherit elementor-headline--style-highlight elementor-widget elementor-widget-animated-headline\" data-id=\"22285fc\" data-element_type=\"widget\" data-e-type=\"widget\" data-settings=\"{&quot;marker&quot;:&quot;double_underline&quot;,&quot;highlighted_text&quot;:&quot;EPIDEMIOLOGICA&quot;,&quot;headline_style&quot;:&quot;highlight&quot;,&quot;loop&quot;:&quot;yes&quot;,&quot;highlight_animation_duration&quot;:1200,&quot;highlight_iteration_delay&quot;:8000}\" data-widget_type=\"animated-headline.default\">\n\t\t\t\t\t\t\t<h3 class=\"elementor-headline\">\n\t\t\t\t\t<span class=\"elementor-headline-plain-text elementor-headline-text-wrapper\">VIGILANCIA <\/span>\n\t\t\t\t<span class=\"elementor-headline-dynamic-wrapper elementor-headline-text-wrapper\">\n\t\t\t\t\t<span class=\"elementor-headline-dynamic-text elementor-headline-text-active\">EPIDEMIOLOGICA<\/span>\n\t\t\t\t<\/span>\n\t\t\t\t<\/h3>\n\t\t\t\t\t\t<\/div>\n\t\t\t\t<\/div>\n\t\t<div class=\"elementor-element elementor-element-cbc01f1 e-con-full e-flex e-con e-child\" data-id=\"cbc01f1\" data-element_type=\"container\" data-e-type=\"container\">\n\t\t\t\t<\/div>\n\t\t<div class=\"elementor-element elementor-element-ccad247 e-con-full e-flex e-con e-child\" data-id=\"ccad247\" data-element_type=\"container\" data-e-type=\"container\">\n\t\t\t\t<div class=\"elementor-element elementor-element-8ef7303 elementor-widget elementor-widget-image\" data-id=\"8ef7303\" data-element_type=\"widget\" data-e-type=\"widget\" data-widget_type=\"image.default\">\n\t\t\t\t\t\t\t\t\t\t\t\t\t\t\t<img decoding=\"async\" src=\"https:\/\/ssalud.chia-cundinamarca.gov.co\/wp-content\/plugins\/elementor\/assets\/images\/placeholder.png\" title=\"\" alt=\"\" loading=\"lazy\" \/>\t\t\t\t\t\t\t\t\t\t\t\t\t\t\t<\/div>\n\t\t\t\t<\/div>\n\t\t<div class=\"elementor-element elementor-element-2758d0b e-con-full e-flex e-con e-child\" data-id=\"2758d0b\" data-element_type=\"container\" data-e-type=\"container\">\n\t\t\t\t<div class=\"elementor-element elementor-element-687f2e4 elementor-widget elementor-widget-text-editor\" data-id=\"687f2e4\" data-element_type=\"widget\" data-e-type=\"widget\" data-widget_type=\"text-editor.default\">\n\t\t\t\t\t\t\t\t\t<p>La Secretar\u00eda de Salud dentro de sus funciones y competencias asume la vigilancia epidemiol\u00f3gica la cual cumple con la recopilaci\u00f3n, an\u00e1lisis e interpretaci\u00f3n sistem\u00e1tica y continua de datos de salud para planificar, ejecutar y evaluar medidas de control como lo determina el Decreto 780 de 2016, en los lineamientos nacionales 2026 y en los protocolos de vigilancia en salud p\u00fablica del Instituto Nacional de Salud , lo anterior basado en la notificaci\u00f3n obligatoria de casos al Sistema Nacional de Vigilancia (SIVIGILA), siendo una funci\u00f3n esencial de salud p\u00fablica que permite detectar brotes, conocer la frecuencia de enfermedades y reducir riesgos, tanto en salud p\u00fablica general como en el \u00e1mbito laboral.<\/p>\t\t\t\t\t\t\t\t<\/div>\n\t\t\t\t<\/div>\n\t\t\t\t\t<\/div>\n\t\t\t\t<\/div>\n\t\t\t\t<\/div>\n\t\t","protected":false},"excerpt":{"rendered":"<p>VIGILANCIA EPIDEMIOLOGICA La Secretar\u00eda de Salud dentro de sus funciones y competencias asume la vigilancia epidemiol\u00f3gica la cual cumple con la recopilaci\u00f3n, an\u00e1lisis e interpretaci\u00f3n sistem\u00e1tica y continua de datos de salud para planificar, ejecutar y evaluar medidas de control como lo determina el Decreto 780 de 2016, en los lineamientos nacionales 2026 y en [&hellip;]<\/p>\n","protected":false},"author":1,"featured_media":0,"parent":0,"menu_order":0,"comment_status":"closed","ping_status":"closed","template":"","meta":{"footnotes":""},"class_list":["post-755","page","type-page","status-publish","hentry"],"_links":{"self":[{"href":"https:\/\/ssalud.chia-cundinamarca.gov.co\/index.php\/wp-json\/wp\/v2\/pages\/755","targetHints":{"allow":["GET"]}}],"collection":[{"href":"https:\/\/ssalud.chia-cundinamarca.gov.co\/index.php\/wp-json\/wp\/v2\/pages"}],"about":[{"href":"https:\/\/ssalud.chia-cundinamarca.gov.co\/index.php\/wp-json\/wp\/v2\/types\/page"}],"author":[{"embeddable":true,"href":"https:\/\/ssalud.chia-cundinamarca.gov.co\/index.php\/wp-json\/wp\/v2\/users\/1"}],"replies":[{"embeddable":true,"href":"https:\/\/ssalud.chia-cundinamarca.gov.co\/index.php\/wp-json\/wp\/v2\/comments?post=755"}],"version-history":[{"count":4,"href":"https:\/\/ssalud.chia-cundinamarca.gov.co\/index.php\/wp-json\/wp\/v2\/pages\/755\/revisions"}],"predecessor-version":[{"id":759,"href":"https:\/\/ssalud.chia-cundinamarca.gov.co\/index.php\/wp-json\/wp\/v2\/pages\/755\/revisions\/759"}],"wp:attachment":[{"href":"https:\/\/ssalud.chia-cundinamarca.gov.co\/index.php\/wp-json\/wp\/v2\/media?parent=755"}],"curies":[{"name":"wp","href":"https:\/\/api.w.org\/{rel}","templated":true}]}}