{"id":743,"date":"2026-03-27T13:08:27","date_gmt":"2026-03-27T13:08:27","guid":{"rendered":"https:\/\/ssalud.chia-cundinamarca.gov.co\/?page_id=743"},"modified":"2026-03-27T13:34:37","modified_gmt":"2026-03-27T13:34:37","slug":"enfermedades-cronicas-no-trasmisibles","status":"publish","type":"page","link":"https:\/\/ssalud.chia-cundinamarca.gov.co\/index.php\/enfermedades-cronicas-no-trasmisibles\/","title":{"rendered":"ENFERMEDADES CRONICAS NO TRANSMISIBLES"},"content":{"rendered":"\t\t<div data-elementor-type=\"wp-page\" data-elementor-id=\"743\" class=\"elementor elementor-743\" data-elementor-post-type=\"page\">\n\t\t\t\t<div class=\"elementor-element elementor-element-b881747 e-flex e-con-boxed e-con e-parent\" data-id=\"b881747\" data-element_type=\"container\" data-e-type=\"container\">\n\t\t\t\t\t<div class=\"e-con-inner\">\n\t\t<div class=\"elementor-element elementor-element-d595f33 e-con-full e-flex e-con e-child\" data-id=\"d595f33\" data-element_type=\"container\" data-e-type=\"container\">\n\t\t\t\t<div class=\"elementor-element elementor-element-be9c712 elementor-widget elementor-widget-text-editor\" data-id=\"be9c712\" data-element_type=\"widget\" data-e-type=\"widget\" data-widget_type=\"text-editor.default\">\n\t\t\t\t\t\t\t\t\t<p><strong>! Tu Salud en Acci\u00f3n es nuestra prioridad \u00a1<\/strong><\/p><p><strong>\u00bfQu\u00e9 son las ECNT?\u00a0<\/strong><\/p><p>Las enfermedades cr\u00f3nicas son afecciones de larga duraci\u00f3n que evolucionan lentamente. Las m\u00e1s comunes incluyen enfermedades del coraz\u00f3n, c\u00e1ncer, diabetes y problemas respiratorios cr\u00f3nicos. A diferencia de las infecciones, estas enfermedades no se contagian de persona a persona, pero se pueden prevenir adoptando h\u00e1bitos saludables.<\/p><p><strong>Pilares de Prevenci\u00f3n<\/strong><\/p><p>Alimentaci\u00f3n Saludable: \u00abPrioriza el consumo de frutas, verduras y reduce la sal y el az\u00facar en tus comidas.\u00bb<\/p><p>Actividad F\u00edsica: \u00ab\u00a1Mu\u00e9vete! Realizar ejercicio regular ayuda a controlar el peso y fortalece tu coraz\u00f3n.\u00bb<\/p><p>Adi\u00f3s al Tabaco y Alcohol: \u00abEvitar el consumo de tabaco y limitar el alcohol reduce dr\u00e1sticamente el riesgo de enfermedades graves.\u00bb<\/p><p>Control M\u00e9dico: \u00abVisita peri\u00f3dicamente a tu centro de salud municipal para monitorear tu presi\u00f3n arterial y niveles de glucosa.\u00bb<\/p>\t\t\t\t\t\t\t\t<\/div>\n\t\t\t\t<\/div>\n\t\t<div class=\"elementor-element elementor-element-3daf5c4 e-con-full e-flex e-con e-child\" data-id=\"3daf5c4\" data-element_type=\"container\" data-e-type=\"container\">\n\t\t<div class=\"elementor-element elementor-element-aa125e8 e-con-full e-flex e-con e-child\" data-id=\"aa125e8\" data-element_type=\"container\" data-e-type=\"container\">\n\t\t\t\t<div class=\"elementor-element elementor-element-2b5a3b1 elementor-headline--style-highlight elementor-widget elementor-widget-animated-headline\" data-id=\"2b5a3b1\" data-element_type=\"widget\" data-e-type=\"widget\" data-settings=\"{&quot;marker&quot;:&quot;underline&quot;,&quot;highlighted_text&quot;:&quot;NO Trasmisibles&quot;,&quot;headline_style&quot;:&quot;highlight&quot;,&quot;loop&quot;:&quot;yes&quot;,&quot;highlight_animation_duration&quot;:1200,&quot;highlight_iteration_delay&quot;:8000}\" data-widget_type=\"animated-headline.default\">\n\t\t\t\t\t\t\t<h3 class=\"elementor-headline\">\n\t\t\t\t\t<span class=\"elementor-headline-plain-text elementor-headline-text-wrapper\">Enfermedades Cr\u00f3nicas <\/span>\n\t\t\t\t<span class=\"elementor-headline-dynamic-wrapper elementor-headline-text-wrapper\">\n\t\t\t\t\t<span class=\"elementor-headline-dynamic-text elementor-headline-text-active\">NO Trasmisibles<\/span>\n\t\t\t\t<\/span>\n\t\t\t\t<\/h3>\n\t\t\t\t\t\t<\/div>\n\t\t\t\t<\/div>\n\t\t<div class=\"elementor-element elementor-element-e6e0b4f e-con-full e-flex e-con e-child\" data-id=\"e6e0b4f\" data-element_type=\"container\" data-e-type=\"container\">\n\t\t\t\t<div class=\"elementor-element elementor-element-2847890 elementor-widget elementor-widget-image\" data-id=\"2847890\" data-element_type=\"widget\" data-e-type=\"widget\" data-widget_type=\"image.default\">\n\t\t\t\t\t\t\t\t\t\t\t\t\t\t\t<img decoding=\"async\" src=\"https:\/\/ssalud.chia-cundinamarca.gov.co\/wp-content\/plugins\/elementor\/assets\/images\/placeholder.png\" title=\"\" alt=\"\" loading=\"lazy\" \/>\t\t\t\t\t\t\t\t\t\t\t\t\t\t\t<\/div>\n\t\t\t\t<\/div>\n\t\t\t\t<\/div>\n\t\t\t\t\t<\/div>\n\t\t\t\t<\/div>\n\t\t\t\t<\/div>\n\t\t","protected":false},"excerpt":{"rendered":"<p>! Tu Salud en Acci\u00f3n es nuestra prioridad \u00a1 \u00bfQu\u00e9 son las ECNT?\u00a0 Las enfermedades cr\u00f3nicas son afecciones de larga duraci\u00f3n que evolucionan lentamente. Las m\u00e1s comunes incluyen enfermedades del coraz\u00f3n, c\u00e1ncer, diabetes y problemas respiratorios cr\u00f3nicos. A diferencia de las infecciones, estas enfermedades no se contagian de persona a persona, pero se pueden prevenir [&hellip;]<\/p>\n","protected":false},"author":1,"featured_media":0,"parent":0,"menu_order":0,"comment_status":"closed","ping_status":"closed","template":"","meta":{"footnotes":""},"class_list":["post-743","page","type-page","status-publish","hentry"],"_links":{"self":[{"href":"https:\/\/ssalud.chia-cundinamarca.gov.co\/index.php\/wp-json\/wp\/v2\/pages\/743","targetHints":{"allow":["GET"]}}],"collection":[{"href":"https:\/\/ssalud.chia-cundinamarca.gov.co\/index.php\/wp-json\/wp\/v2\/pages"}],"about":[{"href":"https:\/\/ssalud.chia-cundinamarca.gov.co\/index.php\/wp-json\/wp\/v2\/types\/page"}],"author":[{"embeddable":true,"href":"https:\/\/ssalud.chia-cundinamarca.gov.co\/index.php\/wp-json\/wp\/v2\/users\/1"}],"replies":[{"embeddable":true,"href":"https:\/\/ssalud.chia-cundinamarca.gov.co\/index.php\/wp-json\/wp\/v2\/comments?post=743"}],"version-history":[{"count":10,"href":"https:\/\/ssalud.chia-cundinamarca.gov.co\/index.php\/wp-json\/wp\/v2\/pages\/743\/revisions"}],"predecessor-version":[{"id":754,"href":"https:\/\/ssalud.chia-cundinamarca.gov.co\/index.php\/wp-json\/wp\/v2\/pages\/743\/revisions\/754"}],"wp:attachment":[{"href":"https:\/\/ssalud.chia-cundinamarca.gov.co\/index.php\/wp-json\/wp\/v2\/media?parent=743"}],"curies":[{"name":"wp","href":"https:\/\/api.w.org\/{rel}","templated":true}]}}