{"id":701,"date":"2026-03-12T16:13:21","date_gmt":"2026-03-12T16:13:21","guid":{"rendered":"https:\/\/ssalud.chia-cundinamarca.gov.co\/?page_id=701"},"modified":"2026-03-12T16:56:16","modified_gmt":"2026-03-12T16:56:16","slug":"programa-ampliado-de-inmunizaciones-pai","status":"publish","type":"page","link":"https:\/\/ssalud.chia-cundinamarca.gov.co\/index.php\/programa-ampliado-de-inmunizaciones-pai\/","title":{"rendered":"PROGRAMA AMPLIADO DE INMUNIZACIONES (PAI)"},"content":{"rendered":"\t\t<div data-elementor-type=\"wp-page\" data-elementor-id=\"701\" class=\"elementor elementor-701\" data-elementor-post-type=\"page\">\n\t\t\t\t<div class=\"elementor-element elementor-element-381f374 e-flex e-con-boxed e-con e-parent\" data-id=\"381f374\" data-element_type=\"container\" data-e-type=\"container\">\n\t\t\t\t\t<div class=\"e-con-inner\">\n\t\t<div class=\"elementor-element elementor-element-b7be042 e-con-full e-flex e-con e-child\" data-id=\"b7be042\" data-element_type=\"container\" data-e-type=\"container\">\n\t\t\t\t<div class=\"elementor-element elementor-element-f8e3043 elementor-widget elementor-widget-image\" data-id=\"f8e3043\" data-element_type=\"widget\" data-e-type=\"widget\" data-widget_type=\"image.default\">\n\t\t\t\t\t\t\t\t\t\t\t\t\t\t\t<img decoding=\"async\" src=\"https:\/\/ssalud.chia-cundinamarca.gov.co\/wp-content\/plugins\/elementor\/assets\/images\/placeholder.png\" title=\"\" alt=\"\" loading=\"lazy\" \/>\t\t\t\t\t\t\t\t\t\t\t\t\t\t\t<\/div>\n\t\t\t\t<\/div>\n\t\t<div class=\"elementor-element elementor-element-cd2e1da e-con-full e-flex e-con e-child\" data-id=\"cd2e1da\" data-element_type=\"container\" data-e-type=\"container\">\n\t\t<div class=\"elementor-element elementor-element-46ee83e e-con-full e-flex e-con e-child\" data-id=\"46ee83e\" data-element_type=\"container\" data-e-type=\"container\">\n\t\t\t\t<div class=\"elementor-element elementor-element-c5388b3 elementor-headline--style-highlight elementor-widget elementor-widget-animated-headline\" data-id=\"c5388b3\" data-element_type=\"widget\" data-e-type=\"widget\" data-settings=\"{&quot;highlighted_text&quot;:&quot;(PAI)&quot;,&quot;headline_style&quot;:&quot;highlight&quot;,&quot;marker&quot;:&quot;circle&quot;,&quot;loop&quot;:&quot;yes&quot;,&quot;highlight_animation_duration&quot;:1200,&quot;highlight_iteration_delay&quot;:8000}\" data-widget_type=\"animated-headline.default\">\n\t\t\t\t\t\t\t<h3 class=\"elementor-headline\">\n\t\t\t\t\t<span class=\"elementor-headline-plain-text elementor-headline-text-wrapper\">PROGRAMA AMPLIADO DE INMUNIZACIONES<\/span>\n\t\t\t\t<span class=\"elementor-headline-dynamic-wrapper elementor-headline-text-wrapper\">\n\t\t\t\t\t<span class=\"elementor-headline-dynamic-text elementor-headline-text-active\">(PAI)<\/span>\n\t\t\t\t<\/span>\n\t\t\t\t<\/h3>\n\t\t\t\t\t\t<\/div>\n\t\t\t\t<\/div>\n\t\t<div class=\"elementor-element elementor-element-db09984 e-con-full e-flex e-con e-child\" data-id=\"db09984\" data-element_type=\"container\" data-e-type=\"container\">\n\t\t\t\t<div class=\"elementor-element elementor-element-f00e40c elementor-widget elementor-widget-text-editor\" data-id=\"f00e40c\" data-element_type=\"widget\" data-e-type=\"widget\" data-widget_type=\"text-editor.default\">\n\t\t\t\t\t\t\t\t\t<p>La coordinaci\u00f3n del Programa Ampliado de Inmunizaciones (PAI) es responsable de planificar, organizar y supervisar las actividades relacionadas con la vacunaci\u00f3n dentro del municipio. Principalmente garantiza que las estrategias de inmunizaci\u00f3n se desarrollen de manera eficiente, asegurando la disponibilidad de biol\u00f3gicos, el cumplimiento de los esquemas de vacunaci\u00f3n y el correcto manejo de la cadena de fr\u00edo. Adicionalmente, desde la coordinaci\u00f3n del PAI se brinda capacitaci\u00f3n al talento humano en salud de las 12 IPS vacunadoras, se realiza seguimiento a las coberturas de vacunaci\u00f3n y se articulan acciones con otros programas para la prevenci\u00f3n y control de enfermedades inmunoprevenibles, contribuyendo as\u00ed al fortalecimiento de la salud p\u00fablica y la protecci\u00f3n de la poblaci\u00f3n.<\/p>\t\t\t\t\t\t\t\t<\/div>\n\t\t\t\t<\/div>\n\t\t\t\t<\/div>\n\t\t\t\t\t<\/div>\n\t\t\t\t<\/div>\n\t\t\t\t<\/div>\n\t\t","protected":false},"excerpt":{"rendered":"<p>PROGRAMA AMPLIADO DE INMUNIZACIONES (PAI) La coordinaci\u00f3n del Programa Ampliado de Inmunizaciones (PAI) es responsable de planificar, organizar y supervisar las actividades relacionadas con la vacunaci\u00f3n dentro del municipio. Principalmente garantiza que las estrategias de inmunizaci\u00f3n se desarrollen de manera eficiente, asegurando la disponibilidad de biol\u00f3gicos, el cumplimiento de los esquemas de vacunaci\u00f3n y el [&hellip;]<\/p>\n","protected":false},"author":1,"featured_media":0,"parent":0,"menu_order":0,"comment_status":"closed","ping_status":"closed","template":"","meta":{"footnotes":""},"class_list":["post-701","page","type-page","status-publish","hentry"],"_links":{"self":[{"href":"https:\/\/ssalud.chia-cundinamarca.gov.co\/index.php\/wp-json\/wp\/v2\/pages\/701","targetHints":{"allow":["GET"]}}],"collection":[{"href":"https:\/\/ssalud.chia-cundinamarca.gov.co\/index.php\/wp-json\/wp\/v2\/pages"}],"about":[{"href":"https:\/\/ssalud.chia-cundinamarca.gov.co\/index.php\/wp-json\/wp\/v2\/types\/page"}],"author":[{"embeddable":true,"href":"https:\/\/ssalud.chia-cundinamarca.gov.co\/index.php\/wp-json\/wp\/v2\/users\/1"}],"replies":[{"embeddable":true,"href":"https:\/\/ssalud.chia-cundinamarca.gov.co\/index.php\/wp-json\/wp\/v2\/comments?post=701"}],"version-history":[{"count":7,"href":"https:\/\/ssalud.chia-cundinamarca.gov.co\/index.php\/wp-json\/wp\/v2\/pages\/701\/revisions"}],"predecessor-version":[{"id":710,"href":"https:\/\/ssalud.chia-cundinamarca.gov.co\/index.php\/wp-json\/wp\/v2\/pages\/701\/revisions\/710"}],"wp:attachment":[{"href":"https:\/\/ssalud.chia-cundinamarca.gov.co\/index.php\/wp-json\/wp\/v2\/media?parent=701"}],"curies":[{"name":"wp","href":"https:\/\/api.w.org\/{rel}","templated":true}]}}